{"id":10694,"date":"2018-06-19T17:30:42","date_gmt":"2018-06-19T15:30:42","guid":{"rendered":"http:\/\/dse-dueren.de\/Shop_Schilder\/produkt\/hinweisschild-fuer-gewerbe-und-privat-eingeschraenkter-winterdienst\/"},"modified":"2022-12-16T14:31:51","modified_gmt":"2022-12-16T13:31:51","slug":"hinweisschild-fuer-gewerbe-und-privat-eingeschraenkter-winterdienst","status":"publish","type":"product","link":"https:\/\/dse-deutschland.de\/Shop_Schilder\/produkt\/hinweisschild-fuer-gewerbe-und-privat-eingeschraenkter-winterdienst\/","title":{"rendered":"Hinweisschild f\u00fcr Gewerbe und Privat Eingeschr\u00e4nkter Winterdienst"},"content":{"rendered":"<p>Hinweisschild f\u00fcr Gewerbe und Privat Eingeschr\u00e4nkter Winterdienst  Gr\u00f6\u00dfe (BxH): 30,0 x 20,0 cm<\/p>\n","protected":false},"excerpt":{"rendered":"<p>Hinweisschild f\u00fcr Gewerbe und Privat Eingeschr\u00e4nkter Winterdienst Gr\u00f6\u00dfe (BxH): 30,0 x 20,0 cm<\/p>\n","protected":false},"featured_media":441,"template":"","meta":[],"product_brand":[],"product_cat":[66],"product_tag":[],"class_list":{"0":"post-10694","1":"product","2":"type-product","3":"status-publish","4":"has-post-thumbnail","6":"product_cat-hinweisschilder","8":"first","9":"instock","10":"taxable","11":"shipping-taxable","12":"purchasable","13":"product-type-simple"},"jetpack_sharing_enabled":true,"_links":{"self":[{"href":"https:\/\/dse-deutschland.de\/Shop_Schilder\/wp-json\/wp\/v2\/product\/10694","targetHints":{"allow":["GET"]}}],"collection":[{"href":"https:\/\/dse-deutschland.de\/Shop_Schilder\/wp-json\/wp\/v2\/product"}],"about":[{"href":"https:\/\/dse-deutschland.de\/Shop_Schilder\/wp-json\/wp\/v2\/types\/product"}],"wp:featuredmedia":[{"embeddable":true,"href":"https:\/\/dse-deutschland.de\/Shop_Schilder\/wp-json\/wp\/v2\/media\/441"}],"wp:attachment":[{"href":"https:\/\/dse-deutschland.de\/Shop_Schilder\/wp-json\/wp\/v2\/media?parent=10694"}],"wp:term":[{"taxonomy":"product_brand","embeddable":true,"href":"https:\/\/dse-deutschland.de\/Shop_Schilder\/wp-json\/wp\/v2\/product_brand?post=10694"},{"taxonomy":"product_cat","embeddable":true,"href":"https:\/\/dse-deutschland.de\/Shop_Schilder\/wp-json\/wp\/v2\/product_cat?post=10694"},{"taxonomy":"product_tag","embeddable":true,"href":"https:\/\/dse-deutschland.de\/Shop_Schilder\/wp-json\/wp\/v2\/product_tag?post=10694"}],"curies":[{"name":"wp","href":"https:\/\/api.w.org\/{rel}","templated":true}]}}