{"id":10692,"date":"2018-06-19T17:30:38","date_gmt":"2018-06-19T15:30:38","guid":{"rendered":"http:\/\/dse-dueren.de\/Shop_Schilder\/produkt\/hinweisschild-betriebskennzeichnung-bitte-tuer-schliessen\/"},"modified":"2022-12-16T14:31:49","modified_gmt":"2022-12-16T13:31:49","slug":"hinweisschild-betriebskennzeichnung-bitte-tuer-schliessen","status":"publish","type":"product","link":"https:\/\/dse-deutschland.de\/Shop_Schilder\/produkt\/hinweisschild-betriebskennzeichnung-bitte-tuer-schliessen\/","title":{"rendered":"Hinweisschild &#8211; Betriebskennzeichnung Bitte T\u00fcr schlie\u00dfen"},"content":{"rendered":"<p>Hinweisschild &#8211; Betriebskennzeichnung Bitte T\u00fcr schlie\u00dfen  Gr\u00f6\u00dfe (BxH): 25,0 x 15,0 cm<\/p>\n","protected":false},"excerpt":{"rendered":"<p>Hinweisschild &#8211; Betriebskennzeichnung Bitte T\u00fcr schlie\u00dfen Gr\u00f6\u00dfe (BxH): 25,0 x 15,0 cm<\/p>\n","protected":false},"featured_media":90,"template":"","meta":[],"product_brand":[],"product_cat":[66],"product_tag":[],"class_list":{"0":"post-10692","1":"product","2":"type-product","3":"status-publish","4":"has-post-thumbnail","6":"product_cat-hinweisschilder","8":"first","9":"instock","10":"taxable","11":"shipping-taxable","12":"purchasable","13":"product-type-simple"},"jetpack_sharing_enabled":true,"_links":{"self":[{"href":"https:\/\/dse-deutschland.de\/Shop_Schilder\/wp-json\/wp\/v2\/product\/10692","targetHints":{"allow":["GET"]}}],"collection":[{"href":"https:\/\/dse-deutschland.de\/Shop_Schilder\/wp-json\/wp\/v2\/product"}],"about":[{"href":"https:\/\/dse-deutschland.de\/Shop_Schilder\/wp-json\/wp\/v2\/types\/product"}],"wp:featuredmedia":[{"embeddable":true,"href":"https:\/\/dse-deutschland.de\/Shop_Schilder\/wp-json\/wp\/v2\/media\/90"}],"wp:attachment":[{"href":"https:\/\/dse-deutschland.de\/Shop_Schilder\/wp-json\/wp\/v2\/media?parent=10692"}],"wp:term":[{"taxonomy":"product_brand","embeddable":true,"href":"https:\/\/dse-deutschland.de\/Shop_Schilder\/wp-json\/wp\/v2\/product_brand?post=10692"},{"taxonomy":"product_cat","embeddable":true,"href":"https:\/\/dse-deutschland.de\/Shop_Schilder\/wp-json\/wp\/v2\/product_cat?post=10692"},{"taxonomy":"product_tag","embeddable":true,"href":"https:\/\/dse-deutschland.de\/Shop_Schilder\/wp-json\/wp\/v2\/product_tag?post=10692"}],"curies":[{"name":"wp","href":"https:\/\/api.w.org\/{rel}","templated":true}]}}