{"id":10687,"date":"2018-06-19T17:29:21","date_gmt":"2018-06-19T15:29:21","guid":{"rendered":"http:\/\/dse-dueren.de\/Shop_Schilder\/produkt\/hinweisschild-fuer-ausfahrten-ausfahrt-freihalten-4\/"},"modified":"2022-12-16T14:31:46","modified_gmt":"2022-12-16T13:31:46","slug":"hinweisschild-fuer-ausfahrten-ausfahrt-freihalten-4","status":"publish","type":"product","link":"https:\/\/dse-deutschland.de\/Shop_Schilder\/produkt\/hinweisschild-fuer-ausfahrten-ausfahrt-freihalten-4\/","title":{"rendered":"Hinweisschild f\u00fcr Ausfahrten Ausfahrt freihalten"},"content":{"rendered":"<p>Hinweisschild f\u00fcr Ausfahrten Ausfahrt freihalten  Gr\u00f6\u00dfe (BxH): 30,0 x 20,0 cm<\/p>\n","protected":false},"excerpt":{"rendered":"<p>Hinweisschild f\u00fcr Ausfahrten Ausfahrt freihalten Gr\u00f6\u00dfe (BxH): 30,0 x 20,0 cm<\/p>\n","protected":false},"featured_media":409,"template":"","meta":[],"product_brand":[],"product_cat":[66],"product_tag":[],"class_list":{"0":"post-10687","1":"product","2":"type-product","3":"status-publish","4":"has-post-thumbnail","6":"product_cat-hinweisschilder","8":"first","9":"instock","10":"taxable","11":"shipping-taxable","12":"purchasable","13":"product-type-simple"},"jetpack_sharing_enabled":true,"_links":{"self":[{"href":"https:\/\/dse-deutschland.de\/Shop_Schilder\/wp-json\/wp\/v2\/product\/10687","targetHints":{"allow":["GET"]}}],"collection":[{"href":"https:\/\/dse-deutschland.de\/Shop_Schilder\/wp-json\/wp\/v2\/product"}],"about":[{"href":"https:\/\/dse-deutschland.de\/Shop_Schilder\/wp-json\/wp\/v2\/types\/product"}],"wp:featuredmedia":[{"embeddable":true,"href":"https:\/\/dse-deutschland.de\/Shop_Schilder\/wp-json\/wp\/v2\/media\/409"}],"wp:attachment":[{"href":"https:\/\/dse-deutschland.de\/Shop_Schilder\/wp-json\/wp\/v2\/media?parent=10687"}],"wp:term":[{"taxonomy":"product_brand","embeddable":true,"href":"https:\/\/dse-deutschland.de\/Shop_Schilder\/wp-json\/wp\/v2\/product_brand?post=10687"},{"taxonomy":"product_cat","embeddable":true,"href":"https:\/\/dse-deutschland.de\/Shop_Schilder\/wp-json\/wp\/v2\/product_cat?post=10687"},{"taxonomy":"product_tag","embeddable":true,"href":"https:\/\/dse-deutschland.de\/Shop_Schilder\/wp-json\/wp\/v2\/product_tag?post=10687"}],"curies":[{"name":"wp","href":"https:\/\/api.w.org\/{rel}","templated":true}]}}