{"id":10677,"date":"2018-06-19T17:26:54","date_gmt":"2018-06-19T15:26:54","guid":{"rendered":"http:\/\/dse-dueren.de\/Shop_Schilder\/produkt\/hinweisschild-fuer-gewerbe-und-privat-symbol-bussard-zur-fensterscheibenkennzeichnung\/"},"modified":"2022-12-16T14:31:41","modified_gmt":"2022-12-16T13:31:41","slug":"hinweisschild-fuer-gewerbe-und-privat-symbol-bussard-zur-fensterscheibenkennzeichnung","status":"publish","type":"product","link":"https:\/\/dse-deutschland.de\/Shop_Schilder\/produkt\/hinweisschild-fuer-gewerbe-und-privat-symbol-bussard-zur-fensterscheibenkennzeichnung\/","title":{"rendered":"Hinweisschild f\u00fcr Gewerbe und Privat Symbol -Bussard- zur Fensterscheibenkennzeichnung"},"content":{"rendered":"<p>Hinweisschild f\u00fcr Gewerbe und Privat Symbol -Bussard- zur Fensterscheibenkennzeichnung Gr\u00f6\u00dfe (BxH): 36,7 x 14,5 cm<\/p>\n","protected":false},"excerpt":{"rendered":"<p>Hinweisschild f\u00fcr Gewerbe und Privat Symbol -Bussard- zur Fensterscheibenkennzeichnung Gr\u00f6\u00dfe (BxH): 36,7 x 14,5 cm<\/p>\n","protected":false},"featured_media":93,"template":"","meta":[],"product_brand":[],"product_cat":[66],"product_tag":[],"class_list":{"0":"post-10677","1":"product","2":"type-product","3":"status-publish","4":"has-post-thumbnail","6":"product_cat-hinweisschilder","8":"first","9":"instock","10":"taxable","11":"shipping-taxable","12":"purchasable","13":"product-type-simple"},"jetpack_sharing_enabled":true,"_links":{"self":[{"href":"https:\/\/dse-deutschland.de\/Shop_Schilder\/wp-json\/wp\/v2\/product\/10677","targetHints":{"allow":["GET"]}}],"collection":[{"href":"https:\/\/dse-deutschland.de\/Shop_Schilder\/wp-json\/wp\/v2\/product"}],"about":[{"href":"https:\/\/dse-deutschland.de\/Shop_Schilder\/wp-json\/wp\/v2\/types\/product"}],"wp:featuredmedia":[{"embeddable":true,"href":"https:\/\/dse-deutschland.de\/Shop_Schilder\/wp-json\/wp\/v2\/media\/93"}],"wp:attachment":[{"href":"https:\/\/dse-deutschland.de\/Shop_Schilder\/wp-json\/wp\/v2\/media?parent=10677"}],"wp:term":[{"taxonomy":"product_brand","embeddable":true,"href":"https:\/\/dse-deutschland.de\/Shop_Schilder\/wp-json\/wp\/v2\/product_brand?post=10677"},{"taxonomy":"product_cat","embeddable":true,"href":"https:\/\/dse-deutschland.de\/Shop_Schilder\/wp-json\/wp\/v2\/product_cat?post=10677"},{"taxonomy":"product_tag","embeddable":true,"href":"https:\/\/dse-deutschland.de\/Shop_Schilder\/wp-json\/wp\/v2\/product_tag?post=10677"}],"curies":[{"name":"wp","href":"https:\/\/api.w.org\/{rel}","templated":true}]}}