{"id":10641,"date":"2018-06-19T16:54:03","date_gmt":"2018-06-19T14:54:03","guid":{"rendered":"http:\/\/dse-dueren.de\/Shop_Schilder\/produkt\/kabelpruefplakette-jahresplakette-in-jahresfarbe\/"},"modified":"2022-12-16T14:31:24","modified_gmt":"2022-12-16T13:31:24","slug":"kabelpruefplakette-jahresplakette-in-jahresfarbe","status":"publish","type":"product","link":"https:\/\/dse-deutschland.de\/Shop_Schilder\/produkt\/kabelpruefplakette-jahresplakette-in-jahresfarbe\/","title":{"rendered":"Kabelpr\u00fcfplakette Jahresplakette in Jahresfarbe"},"content":{"rendered":"<p>Kabelpr\u00fcfplakette Jahresplakette in Jahresfarbe Gr\u00f6\u00dfe Einzeletikett (BxH): 5,0 x 2,0 cm<\/p>\n","protected":false},"excerpt":{"rendered":"<p>Kabelpr\u00fcfplakette Jahresplakette in Jahresfarbe Gr\u00f6\u00dfe Einzeletikett (BxH): 5,0 x 2,0 cm<\/p>\n","protected":false},"featured_media":947,"template":"","meta":[],"product_brand":[],"product_cat":[158],"product_tag":[],"class_list":{"0":"post-10641","1":"product","2":"type-product","3":"status-publish","4":"has-post-thumbnail","6":"product_cat-pruefplaketten","8":"first","9":"instock","10":"taxable","11":"shipping-taxable","12":"purchasable","13":"product-type-simple"},"jetpack_sharing_enabled":true,"_links":{"self":[{"href":"https:\/\/dse-deutschland.de\/Shop_Schilder\/wp-json\/wp\/v2\/product\/10641","targetHints":{"allow":["GET"]}}],"collection":[{"href":"https:\/\/dse-deutschland.de\/Shop_Schilder\/wp-json\/wp\/v2\/product"}],"about":[{"href":"https:\/\/dse-deutschland.de\/Shop_Schilder\/wp-json\/wp\/v2\/types\/product"}],"wp:featuredmedia":[{"embeddable":true,"href":"https:\/\/dse-deutschland.de\/Shop_Schilder\/wp-json\/wp\/v2\/media\/947"}],"wp:attachment":[{"href":"https:\/\/dse-deutschland.de\/Shop_Schilder\/wp-json\/wp\/v2\/media?parent=10641"}],"wp:term":[{"taxonomy":"product_brand","embeddable":true,"href":"https:\/\/dse-deutschland.de\/Shop_Schilder\/wp-json\/wp\/v2\/product_brand?post=10641"},{"taxonomy":"product_cat","embeddable":true,"href":"https:\/\/dse-deutschland.de\/Shop_Schilder\/wp-json\/wp\/v2\/product_cat?post=10641"},{"taxonomy":"product_tag","embeddable":true,"href":"https:\/\/dse-deutschland.de\/Shop_Schilder\/wp-json\/wp\/v2\/product_tag?post=10641"}],"curies":[{"name":"wp","href":"https:\/\/api.w.org\/{rel}","templated":true}]}}