{"id":10639,"date":"2018-06-19T16:54:03","date_gmt":"2018-06-19T14:54:03","guid":{"rendered":"http:\/\/dse-dueren.de\/Shop_Schilder\/produkt\/kabelpruefplakette-zur-selbstbeschriftung\/"},"modified":"2022-12-16T14:31:23","modified_gmt":"2022-12-16T13:31:23","slug":"kabelpruefplakette-zur-selbstbeschriftung","status":"publish","type":"product","link":"https:\/\/dse-deutschland.de\/Shop_Schilder\/produkt\/kabelpruefplakette-zur-selbstbeschriftung\/","title":{"rendered":"Kabelpr\u00fcfplakette zur Selbstbeschriftung"},"content":{"rendered":"<p>Kabelpr\u00fcfplakette zur Selbstbeschriftung  Gr\u00f6\u00dfe Einzeletikett (BxH): 5,0 x 2,0 cm<\/p>\n","protected":false},"excerpt":{"rendered":"<p>Kabelpr\u00fcfplakette zur Selbstbeschriftung Gr\u00f6\u00dfe Einzeletikett (BxH): 5,0 x 2,0 cm<\/p>\n","protected":false},"featured_media":862,"template":"","meta":[],"product_brand":[],"product_cat":[158],"product_tag":[],"class_list":{"0":"post-10639","1":"product","2":"type-product","3":"status-publish","4":"has-post-thumbnail","6":"product_cat-pruefplaketten","8":"first","9":"instock","10":"taxable","11":"shipping-taxable","12":"purchasable","13":"product-type-simple"},"jetpack_sharing_enabled":true,"_links":{"self":[{"href":"https:\/\/dse-deutschland.de\/Shop_Schilder\/wp-json\/wp\/v2\/product\/10639","targetHints":{"allow":["GET"]}}],"collection":[{"href":"https:\/\/dse-deutschland.de\/Shop_Schilder\/wp-json\/wp\/v2\/product"}],"about":[{"href":"https:\/\/dse-deutschland.de\/Shop_Schilder\/wp-json\/wp\/v2\/types\/product"}],"wp:featuredmedia":[{"embeddable":true,"href":"https:\/\/dse-deutschland.de\/Shop_Schilder\/wp-json\/wp\/v2\/media\/862"}],"wp:attachment":[{"href":"https:\/\/dse-deutschland.de\/Shop_Schilder\/wp-json\/wp\/v2\/media?parent=10639"}],"wp:term":[{"taxonomy":"product_brand","embeddable":true,"href":"https:\/\/dse-deutschland.de\/Shop_Schilder\/wp-json\/wp\/v2\/product_brand?post=10639"},{"taxonomy":"product_cat","embeddable":true,"href":"https:\/\/dse-deutschland.de\/Shop_Schilder\/wp-json\/wp\/v2\/product_cat?post=10639"},{"taxonomy":"product_tag","embeddable":true,"href":"https:\/\/dse-deutschland.de\/Shop_Schilder\/wp-json\/wp\/v2\/product_tag?post=10639"}],"curies":[{"name":"wp","href":"https:\/\/api.w.org\/{rel}","templated":true}]}}