{"id":10623,"date":"2018-06-19T16:53:05","date_gmt":"2018-06-19T14:53:05","guid":{"rendered":"http:\/\/dse-dueren.de\/Shop_Schilder\/produkt\/pruefplakette-fuer-anlagen-und-maschinen-naechster-prueftermin-gelb-schwarz-fuer-anlagen-und-maschinen-4\/"},"modified":"2022-12-16T14:31:17","modified_gmt":"2022-12-16T13:31:17","slug":"pruefplakette-fuer-anlagen-und-maschinen-naechster-prueftermin-gelb-schwarz-fuer-anlagen-und-maschinen-4","status":"publish","type":"product","link":"https:\/\/dse-deutschland.de\/Shop_Schilder\/produkt\/pruefplakette-fuer-anlagen-und-maschinen-naechster-prueftermin-gelb-schwarz-fuer-anlagen-und-maschinen-4\/","title":{"rendered":"Pr\u00fcfplakette f\u00fcr Anlagen und Maschinen N\u00e4chster Pr\u00fcftermin gelb\/schwarz, f\u00fcr Anlagen und Maschinen"},"content":{"rendered":"<p>Pr\u00fcfplakette f\u00fcr Anlagen und Maschinen N\u00e4chster Pr\u00fcftermin gelb\/schwarz, f\u00fcr Anlagen und Maschinen Gr\u00f6\u00dfe Einzeletikett (Durchm.): 3,0 cm<\/p>\n","protected":false},"excerpt":{"rendered":"<p>Pr\u00fcfplakette f\u00fcr Anlagen und Maschinen N\u00e4chster Pr\u00fcftermin gelb\/schwarz, f\u00fcr Anlagen und Maschinen Gr\u00f6\u00dfe Einzeletikett (Durchm.): 3,0 cm<\/p>\n","protected":false},"featured_media":1089,"template":"","meta":[],"product_brand":[],"product_cat":[158],"product_tag":[],"class_list":{"0":"post-10623","1":"product","2":"type-product","3":"status-publish","4":"has-post-thumbnail","6":"product_cat-pruefplaketten","8":"first","9":"instock","10":"taxable","11":"shipping-taxable","12":"purchasable","13":"product-type-simple"},"jetpack_sharing_enabled":true,"_links":{"self":[{"href":"https:\/\/dse-deutschland.de\/Shop_Schilder\/wp-json\/wp\/v2\/product\/10623","targetHints":{"allow":["GET"]}}],"collection":[{"href":"https:\/\/dse-deutschland.de\/Shop_Schilder\/wp-json\/wp\/v2\/product"}],"about":[{"href":"https:\/\/dse-deutschland.de\/Shop_Schilder\/wp-json\/wp\/v2\/types\/product"}],"wp:featuredmedia":[{"embeddable":true,"href":"https:\/\/dse-deutschland.de\/Shop_Schilder\/wp-json\/wp\/v2\/media\/1089"}],"wp:attachment":[{"href":"https:\/\/dse-deutschland.de\/Shop_Schilder\/wp-json\/wp\/v2\/media?parent=10623"}],"wp:term":[{"taxonomy":"product_brand","embeddable":true,"href":"https:\/\/dse-deutschland.de\/Shop_Schilder\/wp-json\/wp\/v2\/product_brand?post=10623"},{"taxonomy":"product_cat","embeddable":true,"href":"https:\/\/dse-deutschland.de\/Shop_Schilder\/wp-json\/wp\/v2\/product_cat?post=10623"},{"taxonomy":"product_tag","embeddable":true,"href":"https:\/\/dse-deutschland.de\/Shop_Schilder\/wp-json\/wp\/v2\/product_tag?post=10623"}],"curies":[{"name":"wp","href":"https:\/\/api.w.org\/{rel}","templated":true}]}}