{"id":10616,"date":"2018-06-19T16:53:03","date_gmt":"2018-06-19T14:53:03","guid":{"rendered":"http:\/\/dse-dueren.de\/Shop_Schilder\/produkt\/brady-faserschreiber-ausfuehrung-feinstrich-schriftfarbe-schwarz-mit-leicht-einaetzender-tinte\/"},"modified":"2022-12-16T14:31:13","modified_gmt":"2022-12-16T13:31:13","slug":"brady-faserschreiber-ausfuehrung-feinstrich-schriftfarbe-schwarz-mit-leicht-einaetzender-tinte","status":"publish","type":"product","link":"https:\/\/dse-deutschland.de\/Shop_Schilder\/produkt\/brady-faserschreiber-ausfuehrung-feinstrich-schriftfarbe-schwarz-mit-leicht-einaetzender-tinte\/","title":{"rendered":"BRADY &#8211; Faserschreiber Ausf\u00fchrung: Feinstrich, Schriftfarbe schwarz mit leicht ein\u00e4tzender Tinte"},"content":{"rendered":"<p>BRADY &#8211; Faserschreiber Ausf\u00fchrung: Feinstrich, Schriftfarbe schwarz mit leicht ein\u00e4tzender Tinte<\/p>\n","protected":false},"excerpt":{"rendered":"<p>BRADY &#8211; Faserschreiber Ausf\u00fchrung: Feinstrich, Schriftfarbe schwarz mit leicht ein\u00e4tzender Tinte<\/p>\n","protected":false},"featured_media":1300,"template":"","meta":[],"product_brand":[],"product_cat":[158],"product_tag":[],"class_list":{"0":"post-10616","1":"product","2":"type-product","3":"status-publish","4":"has-post-thumbnail","6":"product_cat-pruefplaketten","8":"first","9":"instock","10":"taxable","11":"shipping-taxable","12":"purchasable","13":"product-type-simple"},"jetpack_sharing_enabled":true,"_links":{"self":[{"href":"https:\/\/dse-deutschland.de\/Shop_Schilder\/wp-json\/wp\/v2\/product\/10616","targetHints":{"allow":["GET"]}}],"collection":[{"href":"https:\/\/dse-deutschland.de\/Shop_Schilder\/wp-json\/wp\/v2\/product"}],"about":[{"href":"https:\/\/dse-deutschland.de\/Shop_Schilder\/wp-json\/wp\/v2\/types\/product"}],"wp:featuredmedia":[{"embeddable":true,"href":"https:\/\/dse-deutschland.de\/Shop_Schilder\/wp-json\/wp\/v2\/media\/1300"}],"wp:attachment":[{"href":"https:\/\/dse-deutschland.de\/Shop_Schilder\/wp-json\/wp\/v2\/media?parent=10616"}],"wp:term":[{"taxonomy":"product_brand","embeddable":true,"href":"https:\/\/dse-deutschland.de\/Shop_Schilder\/wp-json\/wp\/v2\/product_brand?post=10616"},{"taxonomy":"product_cat","embeddable":true,"href":"https:\/\/dse-deutschland.de\/Shop_Schilder\/wp-json\/wp\/v2\/product_cat?post=10616"},{"taxonomy":"product_tag","embeddable":true,"href":"https:\/\/dse-deutschland.de\/Shop_Schilder\/wp-json\/wp\/v2\/product_tag?post=10616"}],"curies":[{"name":"wp","href":"https:\/\/api.w.org\/{rel}","templated":true}]}}