{"id":10534,"date":"2018-06-19T16:52:06","date_gmt":"2018-06-19T14:52:06","guid":{"rendered":"http:\/\/dse-dueren.de\/Shop_Schilder\/produkt\/pruefplakette-in-jahresfarbe-und-schutzlackierung-naechster-prueftermin-in-jahresfarbe-mit-schutzlackierung\/"},"modified":"2022-12-16T14:30:31","modified_gmt":"2022-12-16T13:30:31","slug":"pruefplakette-in-jahresfarbe-und-schutzlackierung-naechster-prueftermin-in-jahresfarbe-mit-schutzlackierung","status":"publish","type":"product","link":"https:\/\/dse-deutschland.de\/Shop_Schilder\/produkt\/pruefplakette-in-jahresfarbe-und-schutzlackierung-naechster-prueftermin-in-jahresfarbe-mit-schutzlackierung\/","title":{"rendered":"Pr\u00fcfplakette in Jahresfarbe und Schutzlackierung N\u00e4chster Pr\u00fcftermin in Jahresfarbe mit Schutzlackierung"},"content":{"rendered":"<p>Pr\u00fcfplakette in Jahresfarbe und Schutzlackierung N\u00e4chster Pr\u00fcftermin in Jahresfarbe mit Schutzlackierung Gr\u00f6\u00dfe Einzeletikett (Durchm.): 3,0 cm<\/p>\n","protected":false},"excerpt":{"rendered":"<p>Pr\u00fcfplakette in Jahresfarbe und Schutzlackierung N\u00e4chster Pr\u00fcftermin in Jahresfarbe mit Schutzlackierung Gr\u00f6\u00dfe Einzeletikett (Durchm.): 3,0 cm<\/p>\n","protected":false},"featured_media":945,"template":"","meta":[],"product_brand":[],"product_cat":[158],"product_tag":[],"class_list":{"0":"post-10534","1":"product","2":"type-product","3":"status-publish","4":"has-post-thumbnail","6":"product_cat-pruefplaketten","8":"first","9":"instock","10":"taxable","11":"shipping-taxable","12":"purchasable","13":"product-type-simple"},"jetpack_sharing_enabled":true,"_links":{"self":[{"href":"https:\/\/dse-deutschland.de\/Shop_Schilder\/wp-json\/wp\/v2\/product\/10534","targetHints":{"allow":["GET"]}}],"collection":[{"href":"https:\/\/dse-deutschland.de\/Shop_Schilder\/wp-json\/wp\/v2\/product"}],"about":[{"href":"https:\/\/dse-deutschland.de\/Shop_Schilder\/wp-json\/wp\/v2\/types\/product"}],"wp:featuredmedia":[{"embeddable":true,"href":"https:\/\/dse-deutschland.de\/Shop_Schilder\/wp-json\/wp\/v2\/media\/945"}],"wp:attachment":[{"href":"https:\/\/dse-deutschland.de\/Shop_Schilder\/wp-json\/wp\/v2\/media?parent=10534"}],"wp:term":[{"taxonomy":"product_brand","embeddable":true,"href":"https:\/\/dse-deutschland.de\/Shop_Schilder\/wp-json\/wp\/v2\/product_brand?post=10534"},{"taxonomy":"product_cat","embeddable":true,"href":"https:\/\/dse-deutschland.de\/Shop_Schilder\/wp-json\/wp\/v2\/product_cat?post=10534"},{"taxonomy":"product_tag","embeddable":true,"href":"https:\/\/dse-deutschland.de\/Shop_Schilder\/wp-json\/wp\/v2\/product_tag?post=10534"}],"curies":[{"name":"wp","href":"https:\/\/api.w.org\/{rel}","templated":true}]}}