{"id":10508,"date":"2018-06-19T16:39:56","date_gmt":"2018-06-19T14:39:56","guid":{"rendered":"http:\/\/dse-dueren.de\/Shop_Schilder\/produkt\/gefahrstoffetikett-diesel-no-2-dieselkraftstoff-fuer-behaelter-mit-einem-fassungsvermoegen-bis-50-liter\/"},"modified":"2022-12-16T14:30:19","modified_gmt":"2022-12-16T13:30:19","slug":"gefahrstoffetikett-diesel-no-2-dieselkraftstoff-fuer-behaelter-mit-einem-fassungsvermoegen-bis-50-liter","status":"publish","type":"product","link":"https:\/\/dse-deutschland.de\/Shop_Schilder\/produkt\/gefahrstoffetikett-diesel-no-2-dieselkraftstoff-fuer-behaelter-mit-einem-fassungsvermoegen-bis-50-liter\/","title":{"rendered":"Gefahrstoffetikett Diesel No. 2, Dieselkraftstoff f\u00fcr Beh\u00e4lter mit einem Fassungsverm\u00f6gen bis 50 Liter"},"content":{"rendered":"<p>Gefahrstoffetikett Diesel No. 2, Dieselkraftstoff f\u00fcr Beh\u00e4lter mit einem Fassungsverm\u00f6gen bis 50 Liter Gr\u00f6\u00dfe (BxH): 14,8 x 10,5 cm<\/p>\n","protected":false},"excerpt":{"rendered":"<p>Gefahrstoffetikett Diesel No. 2, Dieselkraftstoff f\u00fcr Beh\u00e4lter mit einem Fassungsverm\u00f6gen bis 50 Liter Gr\u00f6\u00dfe (BxH): 14,8 x 10,5 cm<\/p>\n","protected":false},"featured_media":398,"template":"","meta":[],"product_brand":[],"product_cat":[118],"product_tag":[],"class_list":{"0":"post-10508","1":"product","2":"type-product","3":"status-publish","4":"has-post-thumbnail","6":"product_cat-gefahrenstoffkennzeichnung","8":"first","9":"instock","10":"taxable","11":"shipping-taxable","12":"purchasable","13":"product-type-simple"},"jetpack_sharing_enabled":true,"_links":{"self":[{"href":"https:\/\/dse-deutschland.de\/Shop_Schilder\/wp-json\/wp\/v2\/product\/10508","targetHints":{"allow":["GET"]}}],"collection":[{"href":"https:\/\/dse-deutschland.de\/Shop_Schilder\/wp-json\/wp\/v2\/product"}],"about":[{"href":"https:\/\/dse-deutschland.de\/Shop_Schilder\/wp-json\/wp\/v2\/types\/product"}],"wp:featuredmedia":[{"embeddable":true,"href":"https:\/\/dse-deutschland.de\/Shop_Schilder\/wp-json\/wp\/v2\/media\/398"}],"wp:attachment":[{"href":"https:\/\/dse-deutschland.de\/Shop_Schilder\/wp-json\/wp\/v2\/media?parent=10508"}],"wp:term":[{"taxonomy":"product_brand","embeddable":true,"href":"https:\/\/dse-deutschland.de\/Shop_Schilder\/wp-json\/wp\/v2\/product_brand?post=10508"},{"taxonomy":"product_cat","embeddable":true,"href":"https:\/\/dse-deutschland.de\/Shop_Schilder\/wp-json\/wp\/v2\/product_cat?post=10508"},{"taxonomy":"product_tag","embeddable":true,"href":"https:\/\/dse-deutschland.de\/Shop_Schilder\/wp-json\/wp\/v2\/product_tag?post=10508"}],"curies":[{"name":"wp","href":"https:\/\/api.w.org\/{rel}","templated":true}]}}