{"id":10505,"date":"2018-06-19T16:39:45","date_gmt":"2018-06-19T14:39:45","guid":{"rendered":"http:\/\/dse-dueren.de\/Shop_Schilder\/produkt\/ghs-signalwoerter-20-x-achtung-20-x-gefahr\/"},"modified":"2022-12-16T14:30:17","modified_gmt":"2022-12-16T13:30:17","slug":"ghs-signalwoerter-20-x-achtung-20-x-gefahr","status":"publish","type":"product","link":"https:\/\/dse-deutschland.de\/Shop_Schilder\/produkt\/ghs-signalwoerter-20-x-achtung-20-x-gefahr\/","title":{"rendered":"GHS-Signalw\u00f6rter  20 x Achtung, 20 x Gefahr"},"content":{"rendered":"<p>GHS-Signalw\u00f6rter  20 x Achtung, 20 x Gefahr  Schrifth\u00f6he: 4 mm<\/p>\n","protected":false},"excerpt":{"rendered":"<p>GHS-Signalw\u00f6rter 20 x Achtung, 20 x Gefahr Schrifth\u00f6he: 4 mm<\/p>\n","protected":false},"featured_media":348,"template":"","meta":[],"product_brand":[],"product_cat":[118],"product_tag":[],"class_list":{"0":"post-10505","1":"product","2":"type-product","3":"status-publish","4":"has-post-thumbnail","6":"product_cat-gefahrenstoffkennzeichnung","8":"first","9":"instock","10":"taxable","11":"shipping-taxable","12":"purchasable","13":"product-type-simple"},"jetpack_sharing_enabled":true,"_links":{"self":[{"href":"https:\/\/dse-deutschland.de\/Shop_Schilder\/wp-json\/wp\/v2\/product\/10505","targetHints":{"allow":["GET"]}}],"collection":[{"href":"https:\/\/dse-deutschland.de\/Shop_Schilder\/wp-json\/wp\/v2\/product"}],"about":[{"href":"https:\/\/dse-deutschland.de\/Shop_Schilder\/wp-json\/wp\/v2\/types\/product"}],"wp:featuredmedia":[{"embeddable":true,"href":"https:\/\/dse-deutschland.de\/Shop_Schilder\/wp-json\/wp\/v2\/media\/348"}],"wp:attachment":[{"href":"https:\/\/dse-deutschland.de\/Shop_Schilder\/wp-json\/wp\/v2\/media?parent=10505"}],"wp:term":[{"taxonomy":"product_brand","embeddable":true,"href":"https:\/\/dse-deutschland.de\/Shop_Schilder\/wp-json\/wp\/v2\/product_brand?post=10505"},{"taxonomy":"product_cat","embeddable":true,"href":"https:\/\/dse-deutschland.de\/Shop_Schilder\/wp-json\/wp\/v2\/product_cat?post=10505"},{"taxonomy":"product_tag","embeddable":true,"href":"https:\/\/dse-deutschland.de\/Shop_Schilder\/wp-json\/wp\/v2\/product_tag?post=10505"}],"curies":[{"name":"wp","href":"https:\/\/api.w.org\/{rel}","templated":true}]}}