{"id":10504,"date":"2018-06-19T16:39:35","date_gmt":"2018-06-19T14:39:35","guid":{"rendered":"http:\/\/dse-dueren.de\/Shop_Schilder\/produkt\/protect-widerstandsfaehiges-ghs-gefahrensymbol-mit-verschiedenen-symbolen-2\/"},"modified":"2022-12-16T14:30:17","modified_gmt":"2022-12-16T13:30:17","slug":"protect-widerstandsfaehiges-ghs-gefahrensymbol-mit-verschiedenen-symbolen-2","status":"publish","type":"product","link":"https:\/\/dse-deutschland.de\/Shop_Schilder\/produkt\/protect-widerstandsfaehiges-ghs-gefahrensymbol-mit-verschiedenen-symbolen-2\/","title":{"rendered":"PROTECT &#8211; widerstandsf\u00e4higes GHS-Gefahrensymbol mit verschiedenen Symbolen"},"content":{"rendered":"<p>PROTECT &#8211; widerstandsf\u00e4higes GHS-Gefahrensymbol mit verschiedenen Symbolen  Gr\u00f6\u00dfe (BxH): 10,0 x 10,0 cm<\/p>\n","protected":false},"excerpt":{"rendered":"<p>PROTECT &#8211; widerstandsf\u00e4higes GHS-Gefahrensymbol mit verschiedenen Symbolen Gr\u00f6\u00dfe (BxH): 10,0 x 10,0 cm<\/p>\n","protected":false},"featured_media":205,"template":"","meta":[],"product_brand":[],"product_cat":[118],"product_tag":[],"class_list":{"0":"post-10504","1":"product","2":"type-product","3":"status-publish","4":"has-post-thumbnail","6":"product_cat-gefahrenstoffkennzeichnung","8":"first","9":"instock","10":"taxable","11":"shipping-taxable","12":"purchasable","13":"product-type-simple"},"jetpack_sharing_enabled":true,"_links":{"self":[{"href":"https:\/\/dse-deutschland.de\/Shop_Schilder\/wp-json\/wp\/v2\/product\/10504","targetHints":{"allow":["GET"]}}],"collection":[{"href":"https:\/\/dse-deutschland.de\/Shop_Schilder\/wp-json\/wp\/v2\/product"}],"about":[{"href":"https:\/\/dse-deutschland.de\/Shop_Schilder\/wp-json\/wp\/v2\/types\/product"}],"wp:featuredmedia":[{"embeddable":true,"href":"https:\/\/dse-deutschland.de\/Shop_Schilder\/wp-json\/wp\/v2\/media\/205"}],"wp:attachment":[{"href":"https:\/\/dse-deutschland.de\/Shop_Schilder\/wp-json\/wp\/v2\/media?parent=10504"}],"wp:term":[{"taxonomy":"product_brand","embeddable":true,"href":"https:\/\/dse-deutschland.de\/Shop_Schilder\/wp-json\/wp\/v2\/product_brand?post=10504"},{"taxonomy":"product_cat","embeddable":true,"href":"https:\/\/dse-deutschland.de\/Shop_Schilder\/wp-json\/wp\/v2\/product_cat?post=10504"},{"taxonomy":"product_tag","embeddable":true,"href":"https:\/\/dse-deutschland.de\/Shop_Schilder\/wp-json\/wp\/v2\/product_tag?post=10504"}],"curies":[{"name":"wp","href":"https:\/\/api.w.org\/{rel}","templated":true}]}}