{"id":10491,"date":"2018-06-19T16:36:53","date_gmt":"2018-06-19T14:36:53","guid":{"rendered":"http:\/\/dse-dueren.de\/Shop_Schilder\/produkt\/aushang-vde-allgemeine-bestimmung-fuer-den-betrieb-von-elektrischen-anlagen\/"},"modified":"2022-12-16T14:30:11","modified_gmt":"2022-12-16T13:30:11","slug":"aushang-vde-allgemeine-bestimmung-fuer-den-betrieb-von-elektrischen-anlagen","status":"publish","type":"product","link":"https:\/\/dse-deutschland.de\/Shop_Schilder\/produkt\/aushang-vde-allgemeine-bestimmung-fuer-den-betrieb-von-elektrischen-anlagen\/","title":{"rendered":"Aushang &#8211; VDE Allgemeine Bestimmung f\u00fcr den Betrieb von elektrischen Anlagen"},"content":{"rendered":"<p>Aushang &#8211; VDE Allgemeine Bestimmung f\u00fcr den Betrieb von elektrischen Anlagen Gr\u00f6\u00dfe (BxH): 65,0 x 92,0 cm<\/p>\n","protected":false},"excerpt":{"rendered":"<p>Aushang &#8211; VDE Allgemeine Bestimmung f\u00fcr den Betrieb von elektrischen Anlagen Gr\u00f6\u00dfe (BxH): 65,0 x 92,0 cm<\/p>\n","protected":false},"featured_media":177,"template":"","meta":[],"product_brand":[],"product_cat":[22],"product_tag":[],"class_list":{"0":"post-10491","1":"product","2":"type-product","3":"status-publish","4":"has-post-thumbnail","6":"product_cat-aushaenge-und-anweisungen","8":"first","9":"instock","10":"taxable","11":"shipping-taxable","12":"purchasable","13":"product-type-simple"},"jetpack_sharing_enabled":true,"_links":{"self":[{"href":"https:\/\/dse-deutschland.de\/Shop_Schilder\/wp-json\/wp\/v2\/product\/10491","targetHints":{"allow":["GET"]}}],"collection":[{"href":"https:\/\/dse-deutschland.de\/Shop_Schilder\/wp-json\/wp\/v2\/product"}],"about":[{"href":"https:\/\/dse-deutschland.de\/Shop_Schilder\/wp-json\/wp\/v2\/types\/product"}],"wp:featuredmedia":[{"embeddable":true,"href":"https:\/\/dse-deutschland.de\/Shop_Schilder\/wp-json\/wp\/v2\/media\/177"}],"wp:attachment":[{"href":"https:\/\/dse-deutschland.de\/Shop_Schilder\/wp-json\/wp\/v2\/media?parent=10491"}],"wp:term":[{"taxonomy":"product_brand","embeddable":true,"href":"https:\/\/dse-deutschland.de\/Shop_Schilder\/wp-json\/wp\/v2\/product_brand?post=10491"},{"taxonomy":"product_cat","embeddable":true,"href":"https:\/\/dse-deutschland.de\/Shop_Schilder\/wp-json\/wp\/v2\/product_cat?post=10491"},{"taxonomy":"product_tag","embeddable":true,"href":"https:\/\/dse-deutschland.de\/Shop_Schilder\/wp-json\/wp\/v2\/product_tag?post=10491"}],"curies":[{"name":"wp","href":"https:\/\/api.w.org\/{rel}","templated":true}]}}