{"id":10441,"date":"2018-06-19T16:33:50","date_gmt":"2018-06-19T14:33:50","guid":{"rendered":"http:\/\/dse-dueren.de\/Shop_Schilder\/produkt\/etiketten-kennzeichnung-elektrischer-leiter-l2-aussenleiter-2-4\/"},"modified":"2022-12-16T14:29:41","modified_gmt":"2022-12-16T13:29:41","slug":"etiketten-kennzeichnung-elektrischer-leiter-l2-aussenleiter-2-4","status":"publish","type":"product","link":"https:\/\/dse-deutschland.de\/Shop_Schilder\/produkt\/etiketten-kennzeichnung-elektrischer-leiter-l2-aussenleiter-2-4\/","title":{"rendered":"Etiketten -Kennzeichnung elektrischer Leiter- L2 (Au\u00dfenleiter 2)"},"content":{"rendered":"<p>Etiketten -Kennzeichnung elektrischer Leiter- L2 (Au\u00dfenleiter 2)  Gr\u00f6\u00dfe Einzeletikett (Durchm.): 2,50 cm<\/p>\n","protected":false},"excerpt":{"rendered":"<p>Etiketten -Kennzeichnung elektrischer Leiter- L2 (Au\u00dfenleiter 2) Gr\u00f6\u00dfe Einzeletikett (Durchm.): 2,50 cm<\/p>\n","protected":false},"featured_media":576,"template":"","meta":[],"product_brand":[],"product_cat":[111],"product_tag":[],"class_list":{"0":"post-10441","1":"product","2":"type-product","3":"status-publish","4":"has-post-thumbnail","6":"product_cat-elekrtozeichnung","8":"first","9":"instock","10":"taxable","11":"shipping-taxable","12":"purchasable","13":"product-type-simple"},"jetpack_sharing_enabled":true,"_links":{"self":[{"href":"https:\/\/dse-deutschland.de\/Shop_Schilder\/wp-json\/wp\/v2\/product\/10441","targetHints":{"allow":["GET"]}}],"collection":[{"href":"https:\/\/dse-deutschland.de\/Shop_Schilder\/wp-json\/wp\/v2\/product"}],"about":[{"href":"https:\/\/dse-deutschland.de\/Shop_Schilder\/wp-json\/wp\/v2\/types\/product"}],"wp:featuredmedia":[{"embeddable":true,"href":"https:\/\/dse-deutschland.de\/Shop_Schilder\/wp-json\/wp\/v2\/media\/576"}],"wp:attachment":[{"href":"https:\/\/dse-deutschland.de\/Shop_Schilder\/wp-json\/wp\/v2\/media?parent=10441"}],"wp:term":[{"taxonomy":"product_brand","embeddable":true,"href":"https:\/\/dse-deutschland.de\/Shop_Schilder\/wp-json\/wp\/v2\/product_brand?post=10441"},{"taxonomy":"product_cat","embeddable":true,"href":"https:\/\/dse-deutschland.de\/Shop_Schilder\/wp-json\/wp\/v2\/product_cat?post=10441"},{"taxonomy":"product_tag","embeddable":true,"href":"https:\/\/dse-deutschland.de\/Shop_Schilder\/wp-json\/wp\/v2\/product_tag?post=10441"}],"curies":[{"name":"wp","href":"https:\/\/api.w.org\/{rel}","templated":true}]}}