{"id":10430,"date":"2018-06-19T16:32:05","date_gmt":"2018-06-19T14:32:05","guid":{"rendered":"http:\/\/dse-dueren.de\/Shop_Schilder\/produkt\/hinweisschild-elektrotechnik-wird-der-hilfsstromkreis-ungeerdet-betrieben-ist-eine-isolationsueberwachung-einzubauen\/"},"modified":"2022-12-16T14:29:34","modified_gmt":"2022-12-16T13:29:34","slug":"hinweisschild-elektrotechnik-wird-der-hilfsstromkreis-ungeerdet-betrieben-ist-eine-isolationsueberwachung-einzubauen","status":"publish","type":"product","link":"https:\/\/dse-deutschland.de\/Shop_Schilder\/produkt\/hinweisschild-elektrotechnik-wird-der-hilfsstromkreis-ungeerdet-betrieben-ist-eine-isolationsueberwachung-einzubauen\/","title":{"rendered":"Hinweisschild  &#8211; Elektrotechnik Wird der Hilfsstromkreis ungeerdet betrieben, ist eine Isolations\u00fcberwachung einzubauen"},"content":{"rendered":"<p>Hinweisschild  &#8211; Elektrotechnik Wird der Hilfsstromkreis ungeerdet betrieben, ist eine Isolations\u00fcberwachung einzubauen Gr\u00f6\u00dfe Einzeletikett (BxH): 7,4 x 2,4 cm<\/p>\n","protected":false},"excerpt":{"rendered":"<p>Hinweisschild &#8211; Elektrotechnik Wird der Hilfsstromkreis ungeerdet betrieben, ist eine Isolations\u00fcberwachung einzubauen Gr\u00f6\u00dfe Einzeletikett (BxH): 7,4 x 2,4 cm<\/p>\n","protected":false},"featured_media":559,"template":"","meta":[],"product_brand":[],"product_cat":[111],"product_tag":[],"class_list":{"0":"post-10430","1":"product","2":"type-product","3":"status-publish","4":"has-post-thumbnail","6":"product_cat-elekrtozeichnung","8":"first","9":"instock","10":"taxable","11":"shipping-taxable","12":"purchasable","13":"product-type-simple"},"jetpack_sharing_enabled":true,"_links":{"self":[{"href":"https:\/\/dse-deutschland.de\/Shop_Schilder\/wp-json\/wp\/v2\/product\/10430","targetHints":{"allow":["GET"]}}],"collection":[{"href":"https:\/\/dse-deutschland.de\/Shop_Schilder\/wp-json\/wp\/v2\/product"}],"about":[{"href":"https:\/\/dse-deutschland.de\/Shop_Schilder\/wp-json\/wp\/v2\/types\/product"}],"wp:featuredmedia":[{"embeddable":true,"href":"https:\/\/dse-deutschland.de\/Shop_Schilder\/wp-json\/wp\/v2\/media\/559"}],"wp:attachment":[{"href":"https:\/\/dse-deutschland.de\/Shop_Schilder\/wp-json\/wp\/v2\/media?parent=10430"}],"wp:term":[{"taxonomy":"product_brand","embeddable":true,"href":"https:\/\/dse-deutschland.de\/Shop_Schilder\/wp-json\/wp\/v2\/product_brand?post=10430"},{"taxonomy":"product_cat","embeddable":true,"href":"https:\/\/dse-deutschland.de\/Shop_Schilder\/wp-json\/wp\/v2\/product_cat?post=10430"},{"taxonomy":"product_tag","embeddable":true,"href":"https:\/\/dse-deutschland.de\/Shop_Schilder\/wp-json\/wp\/v2\/product_tag?post=10430"}],"curies":[{"name":"wp","href":"https:\/\/api.w.org\/{rel}","templated":true}]}}