{"id":10415,"date":"2018-06-19T16:30:39","date_gmt":"2018-06-19T14:30:39","guid":{"rendered":"http:\/\/dse-dueren.de\/Shop_Schilder\/produkt\/warn-kombischild-vor-oeffnen-des-gehaeuses-netzstecker-ziehen\/"},"modified":"2022-12-16T14:29:25","modified_gmt":"2022-12-16T13:29:25","slug":"warn-kombischild-vor-oeffnen-des-gehaeuses-netzstecker-ziehen","status":"publish","type":"product","link":"https:\/\/dse-deutschland.de\/Shop_Schilder\/produkt\/warn-kombischild-vor-oeffnen-des-gehaeuses-netzstecker-ziehen\/","title":{"rendered":"Warn-Kombischild Vor \u00d6ffnen des Geh\u00e4uses Netzstecker ziehen"},"content":{"rendered":"<p>Warn-Kombischild Vor \u00d6ffnen des Geh\u00e4uses Netzstecker ziehen  Gr\u00f6\u00dfe Einzeletikett (BxH): 5,2 x 2,6 cm DIN EN ISO 7010 W012 + Zusatztext<\/p>\n","protected":false},"excerpt":{"rendered":"<p>Warn-Kombischild Vor \u00d6ffnen des Geh\u00e4uses Netzstecker ziehen Gr\u00f6\u00dfe Einzeletikett (BxH): 5,2 x 2,6 cm DIN EN ISO 7010 W012 + Zusatztext<\/p>\n","protected":false},"featured_media":543,"template":"","meta":[],"product_brand":[],"product_cat":[111],"product_tag":[],"class_list":{"0":"post-10415","1":"product","2":"type-product","3":"status-publish","4":"has-post-thumbnail","6":"product_cat-elekrtozeichnung","8":"first","9":"instock","10":"taxable","11":"shipping-taxable","12":"purchasable","13":"product-type-simple"},"jetpack_sharing_enabled":true,"_links":{"self":[{"href":"https:\/\/dse-deutschland.de\/Shop_Schilder\/wp-json\/wp\/v2\/product\/10415","targetHints":{"allow":["GET"]}}],"collection":[{"href":"https:\/\/dse-deutschland.de\/Shop_Schilder\/wp-json\/wp\/v2\/product"}],"about":[{"href":"https:\/\/dse-deutschland.de\/Shop_Schilder\/wp-json\/wp\/v2\/types\/product"}],"wp:featuredmedia":[{"embeddable":true,"href":"https:\/\/dse-deutschland.de\/Shop_Schilder\/wp-json\/wp\/v2\/media\/543"}],"wp:attachment":[{"href":"https:\/\/dse-deutschland.de\/Shop_Schilder\/wp-json\/wp\/v2\/media?parent=10415"}],"wp:term":[{"taxonomy":"product_brand","embeddable":true,"href":"https:\/\/dse-deutschland.de\/Shop_Schilder\/wp-json\/wp\/v2\/product_brand?post=10415"},{"taxonomy":"product_cat","embeddable":true,"href":"https:\/\/dse-deutschland.de\/Shop_Schilder\/wp-json\/wp\/v2\/product_cat?post=10415"},{"taxonomy":"product_tag","embeddable":true,"href":"https:\/\/dse-deutschland.de\/Shop_Schilder\/wp-json\/wp\/v2\/product_tag?post=10415"}],"curies":[{"name":"wp","href":"https:\/\/api.w.org\/{rel}","templated":true}]}}