{"id":10408,"date":"2018-06-19T15:58:42","date_gmt":"2018-06-19T13:58:42","guid":{"rendered":"http:\/\/dse-dueren.de\/Shop_Schilder\/produkt\/warn-kombischild-vor-dem-oeffnen-des-gehaeuses-hauptschalter-ausschalten\/"},"modified":"2022-12-16T14:29:25","modified_gmt":"2022-12-16T13:29:25","slug":"warn-kombischild-vor-dem-oeffnen-des-gehaeuses-hauptschalter-ausschalten","status":"publish","type":"product","link":"https:\/\/dse-deutschland.de\/Shop_Schilder\/produkt\/warn-kombischild-vor-dem-oeffnen-des-gehaeuses-hauptschalter-ausschalten\/","title":{"rendered":"Warn-Kombischild Vor dem \u00d6ffnen des Geh\u00e4uses Hauptschalter ausschalten"},"content":{"rendered":"<p>Warn-Kombischild Vor dem \u00d6ffnen des Geh\u00e4uses Hauptschalter ausschalten  Gr\u00f6\u00dfe (BxH): 13,1 x 6,5 cm DIN EN ISO 7010 W012 + Zusatztext<\/p>\n","protected":false},"excerpt":{"rendered":"<p>Warn-Kombischild Vor dem \u00d6ffnen des Geh\u00e4uses Hauptschalter ausschalten Gr\u00f6\u00dfe (BxH): 13,1 x 6,5 cm DIN EN ISO 7010 W012 + Zusatztext<\/p>\n","protected":false},"featured_media":509,"template":"","meta":[],"product_brand":[],"product_cat":[111],"product_tag":[],"class_list":{"0":"post-10408","1":"product","2":"type-product","3":"status-publish","4":"has-post-thumbnail","6":"product_cat-elekrtozeichnung","8":"first","9":"instock","10":"taxable","11":"shipping-taxable","12":"purchasable","13":"product-type-simple"},"jetpack_sharing_enabled":true,"_links":{"self":[{"href":"https:\/\/dse-deutschland.de\/Shop_Schilder\/wp-json\/wp\/v2\/product\/10408","targetHints":{"allow":["GET"]}}],"collection":[{"href":"https:\/\/dse-deutschland.de\/Shop_Schilder\/wp-json\/wp\/v2\/product"}],"about":[{"href":"https:\/\/dse-deutschland.de\/Shop_Schilder\/wp-json\/wp\/v2\/types\/product"}],"wp:featuredmedia":[{"embeddable":true,"href":"https:\/\/dse-deutschland.de\/Shop_Schilder\/wp-json\/wp\/v2\/media\/509"}],"wp:attachment":[{"href":"https:\/\/dse-deutschland.de\/Shop_Schilder\/wp-json\/wp\/v2\/media?parent=10408"}],"wp:term":[{"taxonomy":"product_brand","embeddable":true,"href":"https:\/\/dse-deutschland.de\/Shop_Schilder\/wp-json\/wp\/v2\/product_brand?post=10408"},{"taxonomy":"product_cat","embeddable":true,"href":"https:\/\/dse-deutschland.de\/Shop_Schilder\/wp-json\/wp\/v2\/product_cat?post=10408"},{"taxonomy":"product_tag","embeddable":true,"href":"https:\/\/dse-deutschland.de\/Shop_Schilder\/wp-json\/wp\/v2\/product_tag?post=10408"}],"curies":[{"name":"wp","href":"https:\/\/api.w.org\/{rel}","templated":true}]}}