{"id":10401,"date":"2018-06-19T15:58:18","date_gmt":"2018-06-19T13:58:18","guid":{"rendered":"http:\/\/dse-dueren.de\/Shop_Schilder\/produkt\/warn-kombischild-schaltschrank-darf-nur-von-fachpersonal-betriebselektriker-geoeffnet-werden-2\/"},"modified":"2022-12-16T14:29:21","modified_gmt":"2022-12-16T13:29:21","slug":"warn-kombischild-schaltschrank-darf-nur-von-fachpersonal-betriebselektriker-geoeffnet-werden-2","status":"publish","type":"product","link":"https:\/\/dse-deutschland.de\/Shop_Schilder\/produkt\/warn-kombischild-schaltschrank-darf-nur-von-fachpersonal-betriebselektriker-geoeffnet-werden-2\/","title":{"rendered":"Warn-Kombischild Schaltschrank darf nur von Fachpersonal (Betriebselektriker) ge\u00f6ffnet werden"},"content":{"rendered":"<p>Warn-Kombischild Schaltschrank darf nur von Fachpersonal (Betriebselektriker) ge\u00f6ffnet werden  Gr\u00f6\u00dfe (BxH): 13,1 x 18,5 cm DIN EN ISO 7010 W012 + Zusatztext<\/p>\n","protected":false},"excerpt":{"rendered":"<p>Warn-Kombischild Schaltschrank darf nur von Fachpersonal (Betriebselektriker) ge\u00f6ffnet werden Gr\u00f6\u00dfe (BxH): 13,1 x 18,5 cm DIN EN ISO 7010 W012 + Zusatztext<\/p>\n","protected":false},"featured_media":495,"template":"","meta":[],"product_brand":[],"product_cat":[111],"product_tag":[],"class_list":{"0":"post-10401","1":"product","2":"type-product","3":"status-publish","4":"has-post-thumbnail","6":"product_cat-elekrtozeichnung","8":"first","9":"instock","10":"taxable","11":"shipping-taxable","12":"purchasable","13":"product-type-simple"},"jetpack_sharing_enabled":true,"_links":{"self":[{"href":"https:\/\/dse-deutschland.de\/Shop_Schilder\/wp-json\/wp\/v2\/product\/10401","targetHints":{"allow":["GET"]}}],"collection":[{"href":"https:\/\/dse-deutschland.de\/Shop_Schilder\/wp-json\/wp\/v2\/product"}],"about":[{"href":"https:\/\/dse-deutschland.de\/Shop_Schilder\/wp-json\/wp\/v2\/types\/product"}],"wp:featuredmedia":[{"embeddable":true,"href":"https:\/\/dse-deutschland.de\/Shop_Schilder\/wp-json\/wp\/v2\/media\/495"}],"wp:attachment":[{"href":"https:\/\/dse-deutschland.de\/Shop_Schilder\/wp-json\/wp\/v2\/media?parent=10401"}],"wp:term":[{"taxonomy":"product_brand","embeddable":true,"href":"https:\/\/dse-deutschland.de\/Shop_Schilder\/wp-json\/wp\/v2\/product_brand?post=10401"},{"taxonomy":"product_cat","embeddable":true,"href":"https:\/\/dse-deutschland.de\/Shop_Schilder\/wp-json\/wp\/v2\/product_cat?post=10401"},{"taxonomy":"product_tag","embeddable":true,"href":"https:\/\/dse-deutschland.de\/Shop_Schilder\/wp-json\/wp\/v2\/product_tag?post=10401"}],"curies":[{"name":"wp","href":"https:\/\/api.w.org\/{rel}","templated":true}]}}