{"id":10101,"date":"2018-06-19T15:54:10","date_gmt":"2018-06-19T13:54:10","guid":{"rendered":"http:\/\/dse-dueren.de\/Shop_Schilder\/produkt\/warnschild-warnung-vor-feuergefaehrlichen-stoffen-6\/"},"modified":"2022-12-16T14:26:46","modified_gmt":"2022-12-16T13:26:46","slug":"warnschild-warnung-vor-feuergefaehrlichen-stoffen-6","status":"publish","type":"product","link":"https:\/\/dse-deutschland.de\/Shop_Schilder\/produkt\/warnschild-warnung-vor-feuergefaehrlichen-stoffen-6\/","title":{"rendered":"Warnschild Warnung vor feuergef\u00e4hrlichen Stoffen"},"content":{"rendered":"<p>Warnschild Warnung vor feuergef\u00e4hrlichen Stoffen  Gr\u00f6\u00dfe (SL): 20,0 cm DIN EN ISO 7010 W021<\/p>\n","protected":false},"excerpt":{"rendered":"<p>Warnschild Warnung vor feuergef\u00e4hrlichen Stoffen Gr\u00f6\u00dfe (SL): 20,0 cm DIN EN ISO 7010 W021<\/p>\n","protected":false},"featured_media":2208,"template":"","meta":[],"product_brand":[],"product_cat":[109],"product_tag":[],"class_list":{"0":"post-10101","1":"product","2":"type-product","3":"status-publish","4":"has-post-thumbnail","6":"product_cat-warnschidler","8":"first","9":"instock","10":"taxable","11":"shipping-taxable","12":"purchasable","13":"product-type-simple"},"jetpack_sharing_enabled":true,"_links":{"self":[{"href":"https:\/\/dse-deutschland.de\/Shop_Schilder\/wp-json\/wp\/v2\/product\/10101","targetHints":{"allow":["GET"]}}],"collection":[{"href":"https:\/\/dse-deutschland.de\/Shop_Schilder\/wp-json\/wp\/v2\/product"}],"about":[{"href":"https:\/\/dse-deutschland.de\/Shop_Schilder\/wp-json\/wp\/v2\/types\/product"}],"wp:featuredmedia":[{"embeddable":true,"href":"https:\/\/dse-deutschland.de\/Shop_Schilder\/wp-json\/wp\/v2\/media\/2208"}],"wp:attachment":[{"href":"https:\/\/dse-deutschland.de\/Shop_Schilder\/wp-json\/wp\/v2\/media?parent=10101"}],"wp:term":[{"taxonomy":"product_brand","embeddable":true,"href":"https:\/\/dse-deutschland.de\/Shop_Schilder\/wp-json\/wp\/v2\/product_brand?post=10101"},{"taxonomy":"product_cat","embeddable":true,"href":"https:\/\/dse-deutschland.de\/Shop_Schilder\/wp-json\/wp\/v2\/product_cat?post=10101"},{"taxonomy":"product_tag","embeddable":true,"href":"https:\/\/dse-deutschland.de\/Shop_Schilder\/wp-json\/wp\/v2\/product_tag?post=10101"}],"curies":[{"name":"wp","href":"https:\/\/api.w.org\/{rel}","templated":true}]}}