{"id":10042,"date":"2018-06-19T15:51:21","date_gmt":"2018-06-19T13:51:21","guid":{"rendered":"http:\/\/dse-dueren.de\/Shop_Schilder\/produkt\/gebotsschild-kleinkinder-durch-weitgehend-lichtundurchlaessige-augenabschirmung-schuetzen\/"},"modified":"2022-12-16T14:26:20","modified_gmt":"2022-12-16T13:26:20","slug":"gebotsschild-kleinkinder-durch-weitgehend-lichtundurchlaessige-augenabschirmung-schuetzen","status":"publish","type":"product","link":"https:\/\/dse-deutschland.de\/Shop_Schilder\/produkt\/gebotsschild-kleinkinder-durch-weitgehend-lichtundurchlaessige-augenabschirmung-schuetzen\/","title":{"rendered":"Gebotsschild Kleinkinder durch weitgehend lichtundurchl\u00e4ssige Augenabschirmung sch\u00fctzen"},"content":{"rendered":"<p>Gebotsschild Kleinkinder durch weitgehend lichtundurchl\u00e4ssige Augenabschirmung sch\u00fctzen Gr\u00f6\u00dfe (Durchm.): 10,0 cm DIN EN ISO 7010 M025<\/p>\n","protected":false},"excerpt":{"rendered":"<p>Gebotsschild Kleinkinder durch weitgehend lichtundurchl\u00e4ssige Augenabschirmung sch\u00fctzen Gr\u00f6\u00dfe (Durchm.): 10,0 cm DIN EN ISO 7010 M025<\/p>\n","protected":false},"featured_media":2018,"template":"","meta":[],"product_brand":[],"product_cat":[20],"product_tag":[],"class_list":{"0":"post-10042","1":"product","2":"type-product","3":"status-publish","4":"has-post-thumbnail","6":"product_cat-gebotsschilder","8":"first","9":"instock","10":"taxable","11":"shipping-taxable","12":"purchasable","13":"product-type-simple"},"jetpack_sharing_enabled":true,"_links":{"self":[{"href":"https:\/\/dse-deutschland.de\/Shop_Schilder\/wp-json\/wp\/v2\/product\/10042","targetHints":{"allow":["GET"]}}],"collection":[{"href":"https:\/\/dse-deutschland.de\/Shop_Schilder\/wp-json\/wp\/v2\/product"}],"about":[{"href":"https:\/\/dse-deutschland.de\/Shop_Schilder\/wp-json\/wp\/v2\/types\/product"}],"wp:featuredmedia":[{"embeddable":true,"href":"https:\/\/dse-deutschland.de\/Shop_Schilder\/wp-json\/wp\/v2\/media\/2018"}],"wp:attachment":[{"href":"https:\/\/dse-deutschland.de\/Shop_Schilder\/wp-json\/wp\/v2\/media?parent=10042"}],"wp:term":[{"taxonomy":"product_brand","embeddable":true,"href":"https:\/\/dse-deutschland.de\/Shop_Schilder\/wp-json\/wp\/v2\/product_brand?post=10042"},{"taxonomy":"product_cat","embeddable":true,"href":"https:\/\/dse-deutschland.de\/Shop_Schilder\/wp-json\/wp\/v2\/product_cat?post=10042"},{"taxonomy":"product_tag","embeddable":true,"href":"https:\/\/dse-deutschland.de\/Shop_Schilder\/wp-json\/wp\/v2\/product_tag?post=10042"}],"curies":[{"name":"wp","href":"https:\/\/api.w.org\/{rel}","templated":true}]}}