{"id":2669,"date":"2018-03-20T08:20:26","date_gmt":"2018-03-20T07:20:26","guid":{"rendered":"http:\/\/dse-dueren.de\/Shop_Schilder\/agb\/"},"modified":"2018-03-20T13:57:11","modified_gmt":"2018-03-20T12:57:11","slug":"agb","status":"publish","type":"page","link":"https:\/\/dse-deutschland.de\/Shop_Schilder\/agb\/","title":{"rendered":"AGB"},"content":{"rendered":"<p style=\"text-align: center;\"><strong>\u00a7 1 Geltungsbereich und Anbieter<\/strong><\/p>\n<p style=\"text-align: left;\">(1) Diese Allgemeinen Gesch\u00e4ftsbedingungen gelten f\u00fcr alle Bestellungen, die Sie bei dem Online-Shop der<\/p>\n<p>DSE GmbH<br \/>\nTalbenden 10<br \/>\n52353 D\u00fcren<br \/>\nGesch\u00e4ftsf\u00fchrer: Richard B\u00fcchel<\/p>\n<p>t\u00e4tigen.<\/p>\n<p style=\"text-align: left;\">(2) Das Warenangebot in unserem Online-Shop richtet sich ausschlie\u00dflich an K\u00e4ufer, die das 18. Lebensjahr vollendet haben.<\/p>\n<p style=\"text-align: left;\">(3) Unsere Lieferungen, Leistungen und Angebote erfolgen ausschlie\u00dflich auf der Grundlage dieser Allgemeinen Gesch\u00e4ftsbedingungen. Die Allgemeinen Gesch\u00e4ftsbedingungen gelten gegen\u00fcber Unternehmen somit auch f\u00fcr alle k\u00fcnftigen Gesch\u00e4ftsbeziehungen, auch wenn sie nicht nochmals ausdr\u00fccklich vereinbart werden. Der Einbeziehung von Allgemeinen Gesch\u00e4ftsbedingungen eines Kunden, die unseren Allgemeinen Gesch\u00e4ftsbedingungen widersprechen, wird schon jetzt widersprochen.<\/p>\n<p style=\"text-align: left;\">(4) Vertragssprache ist ausschlie\u00dflich deutsch.<\/p>\n<p style=\"text-align: left;\">(5) Sie k\u00f6nnen die derzeit g\u00fcltigen Allgemeinen Gesch\u00e4ftsbedingungen auf der<br \/>\nWebsite\u00a0<a href=\"http:\/\/dse-dueren.de\/Shop_Schilder\/agb\/\">http:\/\/dse-dueren.de\/Shop_Schilder\/agb\/<\/a> abrufen.<\/p>\n<p style=\"text-align: center;\"><strong>\u00a7 2 Vertragsschluss<\/strong><\/p>\n<p style=\"text-align: left;\">(1) Die Warenpr\u00e4sentation im Online-Shop stellt keinen verbindlichen Antrag auf den Abschluss eines Kaufvertrages dar. Vielmehr handelt es sich um eine unverbindliche Aufforderung, im Online-Shop Waren zu bestellen.<\/p>\n<p style=\"text-align: left;\">(2) Mit Anklicken des Buttons [\u201eJetzt zahlungspflichtig bestellen\u201c\/ \u201eKaufen\u201c] geben Sie ein verbindliches Kaufangebot ab (\u00a7 145 BGB).<\/p>\n<p style=\"text-align: left;\">(3) Erst durch Freischalten des Inhalts bzw. Bereitstellen eines Links kommt der Vertrag zustande.<\/p>\n<p style=\"text-align: center;\"><strong>\u00a7 3 Preise<\/strong><\/p>\n<p style=\"text-align: left;\">Die auf den Produktseiten genannten Preise enthalten die gesetzliche<br \/>\nMehrwertsteuer und sonstige Preisbestandteile.<\/p>\n<p style=\"text-align: center;\"><strong>\u00a7 4 Zahlungsbedingungen; Verzug<\/strong><\/p>\n<p style=\"text-align: left;\">(1) Die Zahlung erfolgt wahlweise per<br \/>\nKreditkarte,<br \/>\nPaypal oder<br \/>\nLastschrift.<\/p>\n<p style=\"text-align: left;\">(2) Die Auswahl der jeweils verf\u00fcgbaren Bezahlmethoden obliegt uns. Wir behalten uns insbesondere vor, Ihnen f\u00fcr die Bezahlung nur ausgew\u00e4hlte Bezahlmethoden anzubieten, beispielweise zur Absicherung unseres Kreditrisikos nur Vorkasse.<\/p>\n<p style=\"text-align: left;\">(3) Bei Zahlung per Kreditkarte wird der Kaufpreis zum Zeitpunkt der Bestellung auf Ihrer Kreditkarte reserviert (Autorisierung). Die\u00a0 tats\u00e4chliche Belastung Ihres Kreditkartenkontos erfolgt in dem Zeitpunkt, in dem wir die Ware an Sie versenden.<\/p>\n<p style=\"text-align: left;\">(4) Bei der Bezahlung mit PayPal werden Sie im Bestellprozess auf die Webseite des Online-Anbieters PayPal weitergeleitet. Um den Rechnungsbetrag \u00fcber PayPal bezahlen zu k\u00f6nnen, m\u00fcssen Sie dort registriert sein bzw. sich erst registrieren, mit Ihren Zugangsdaten legitimieren und die Zahlungsanweisung an uns best\u00e4tigen. Nach Abgabe der Bestellung im Shop fordern wir PayPal zur Einleitung der Zahlungstransaktion auf. Weitere Hinweise erhalten Sie beim Bestellvorgang. Die Zahlungstransaktion wird durch PayPal unmittelbar<br \/>\ndanach automatisch durchgef\u00fchrt.<\/p>\n<p style=\"text-align: left;\">(5) Bei Zahlung per Lastschrift haben Sie ggf. jene Kosten zu tragen, die infolge einer R\u00fcckbuchung einer Zahlungstransaktion mangels Kontodeckung oder aufgrund von Ihnen falsch \u00fcbermittelter Daten der Bankverbindung entstehen.<\/p>\n<p style=\"text-align: left;\">(6) Geraten Sie mit einer Zahlung in Verzug, so sind Sie zur Zahlung der gesetzlichen Verzugszinsen in H\u00f6he von 5 Prozentpunkten \u00fcber dem<br \/>\nBasiszinssatz verpflichtet. F\u00fcr jedes Mahnschreiben, das nach Eintritt des Verzugs an Sie versandt wird, wird Ihnen eine Mahngeb\u00fchr in H\u00f6he von 2,50 EUR berechnet, sofern nicht im Einzelfall ein niedrigerer bzw. h\u00f6herer Schaden nachgewiesen wird.<\/p>\n<p style=\"text-align: center;\"><strong> \u00a7 5 Aufrechnung\/Zur\u00fcckbehaltungsrecht<\/strong><\/p>\n<p style=\"text-align: left;\">(1) Ein Recht zur Aufrechnung steht Ihnen nur dann zu, wenn Ihre Gegenforderung rechtskr\u00e4ftig festgestellt worden ist, von uns nicht bestritten oder anerkannt wird oder in einem engen synallagmatischen Verh\u00e4ltnis zu unserer Forderung steht.<\/p>\n<p style=\"text-align: left;\">(2) Sie k\u00f6nnen ein Zur\u00fcckbehaltungsrecht nur aus\u00fcben, soweit Ihre Gegenforderung auf demselben Vertragsverh\u00e4ltnis beruht.<\/p>\n<p style=\"text-align: center;\"><strong>\u00a7 6 Lieferung<\/strong><\/p>\n<p style=\"text-align: left;\">(1) Sofern nicht anders vereinbart, erfolgt die Lieferung der Ware durch das Bereitstellen eines Links. Dieser kann von Ihnen bet\u00e4tigt werden und startet den Download auf das von Ihnen gew\u00e4hlte Speichermedium.<\/p>\n<p style=\"text-align: left;\">(2) Es liegt im Verantwortungsbereich des Kunden, geeignete Software bereitzuhalten, die ein ordnungsgem\u00e4\u00dfes \u00d6ffnen, Bearbeiten und Ausdrucken der Dateien und Inhalte erm\u00f6glicht.<\/p>\n<p style=\"text-align: center;\"><strong>\u00a7 7 Widerrufsbelehrung<\/strong><\/p>\n<p>F\u00fcr den Fall, dass Sie Verbraucher im Sinne des \u00a7 13 BGB sind, also den Kauf zu Zwecken t\u00e4tigen, die \u00fcberwiegend weder Ihrer gewerblichen noch Ihrer selbst\u00e4ndigen beruflichen T\u00e4tigkeit zugerechnet werden k\u00f6nnen, haben Sie ein Widerrufsrecht nach Ma\u00dfgabe der folgenden Bestimmungen. Widerrufsrecht Sie haben das Recht, binnen vierzehn Tagen ohne Angabe von Gr\u00fcnden diesen Vertrag zu widerrufen. Die Widerrufsfrist betr\u00e4gt vierzehn Tage ab dem Tag, an dem Sie oder ein von Ihnen benannter Dritter, der nicht der Bef\u00f6rderer ist, die Waren in Besitz genommen haben bzw. hat. Um Ihr Widerrufsrecht auszu\u00fcben, m\u00fcssen Sie uns<\/p>\n<p>Name\/Firma:<br \/>\nAdresse:<br \/>\nE-Mail:<br \/>\nTelefon:<br \/>\nFax:<\/p>\n<p>mittels einer eindeutigen Erkl\u00e4rung (z. B. ein mit der Post versandter Brief, Telefax oder E-Mail) \u00fcber Ihren Entschluss, diesen Vertrag zu widerrufen, informieren. Sie k\u00f6nnen daf\u00fcr das beigef\u00fcgte Muster-Widerrufsformular verwenden, das jedoch nicht vorgeschrieben ist.<br \/>\nZur Wahrung der Widerrufsfrist reicht es aus, dass Sie die Mitteilung \u00fcber die Aus\u00fcbung des Widerrufsrechts vor Ablauf der Widerrufsfrist absenden.<\/p>\n<p><strong>Folgen des Widerrufs<\/strong><\/p>\n<p>Wenn Sie diesen Vertrag widerrufen, haben wir Ihnen alle Zahlungen, die wir von Ihnen erhalten haben, einschlie\u00dflich der Lieferkosten (mit Ausnahme der zus\u00e4tzlichen Kosten, die sich daraus ergeben, dass Sie eine andere Art der Lieferung als die von uns angebotene, g\u00fcnstigste Standardlieferung gew\u00e4hlt haben), unverz\u00fcglich und sp\u00e4testens binnen vierzehn Tagen ab dem Tag zur\u00fcckzuzahlen, an dem die Mitteilung \u00fcber Ihren Widerruf dieses Vertrags bei uns eingegangen ist. F\u00fcr diese R\u00fcckzahlung verwenden wir dasselbe Zahlungsmittel, das Sie bei der urspr\u00fcnglichen Transaktion eingesetzt haben, es sei denn, mit Ihnen wurde ausdr\u00fccklich etwas anderes vereinbart; in keinem Fall werden Ihnen wegen dieser R\u00fcckzahlung Entgelte berechnet.<br \/>\nWir k\u00f6nnen die R\u00fcckzahlung verweigern, bis wir die Waren wieder zur\u00fcckerhalten haben oder bis Sie den Nachweis erbracht haben, dass Sie die Waren zur\u00fcckgesandt haben, je nachdem, welches der fr\u00fchere Zeitpunkt ist.<br \/>\nSie haben die Waren unverz\u00fcglich und in jedem Fall sp\u00e4testens binnen vierzehn Tagen ab dem Tag, an dem Sie uns \u00fcber den Widerruf dieses Vertrags unterrichten, an uns oder an zur\u00fcckzusenden oder zu \u00fcbergeben. Die Frist ist gewahrt, wenn Sie die Waren vor Ablauf der Frist von vierzehn Tagen absenden.<br \/>\nSie tragen die unmittelbaren Kosten der R\u00fccksendung der Waren.<br \/>\nSie m\u00fcssen f\u00fcr einen etwaigen Wertverlust der Waren nur aufkommen, wenn dieser Wertverlust auf einen zur Pr\u00fcfung der Beschaffenheit, Eigenschaften und Funktionsweise der Waren nicht notwendigen Umgang mit ihnen zur\u00fcckzuf\u00fchren ist.<\/p>\n<div>\n<p>&nbsp;<\/p>\n<p>Wenn Sie den Vertrag widerrufen wollen, dann f\u00fcllen Sie bitte dieses Formular aus und senden Sie es an uns.<\/p>\n<p style=\"text-align: center;\"><a href=\"http:\/\/dse-dueren.de\/Shop_Schilder\/wp-content\/uploads\/2018\/03\/Muster-Widerrufsbelehrung.pdf\">Muster Widerrufsbelehrung<\/a><\/p>\n<p>&nbsp;<\/p>\n<p><strong>Ende der Widerrufsbelehrung<\/strong><\/p>\n<\/div>\n<div>\n<p>(1) Das Widerrufsrecht besteht nicht bei<br \/>\n&#8211; Lieferung von Waren, die nicht vorgefertigt sind und f\u00fcr deren Herstellung eine individuelle Auswahl oder Bestimmung durch den Verbraucher ma\u00dfgeblich ist oder die eindeutig auf die pers\u00f6nlichen Bed\u00fcrfnisse des Verbrauchers zugeschnitten sind oder<br \/>\n&#8211; bei Lieferung von Ton- oder Videoaufnahmen oder Computersoftware in einer versiegelten Packung, wenn die Versiegelung nach der Lieferung entfernt wurde.<\/p>\n<\/div>\n<div>\n<p>(2) Ein Widerrufsrecht erlischt gem\u00e4\u00df \u00a7 356 Abs. 5 BGB bei einem Vertrag \u00fcber die Lieferung von nicht auf einem k\u00f6rperlichen Datentr\u00e4ger befindlichen digitalen Inhalten, wenn der Unternehmer mit der Ausf\u00fchrung des Vertrags begonnen hat, nachdem der Verbraucher ausdr\u00fccklich zugestimmt hat, dass der Unternehmer mit der Ausf\u00fchrung des Vertrags vor Ablauf der Widerrufsfrist beginnt und seine Kenntnis davon best\u00e4tigt hat, dass er durch seine Zustimmung mit Beginn der Ausf\u00fchrung des Vertrags sein Widerrufsrecht verliert.<\/p>\n<\/div>\n<p>&nbsp;<\/p>\n<div><\/div>\n<div style=\"text-align: center;\"><strong>\u00a7 9 Gew\u00e4hrleistung<\/strong><\/div>\n<div><\/div>\n<div>(1) Soweit nicht ausdr\u00fccklich etwas anderes vereinbart ist, richten sich Ihre Gew\u00e4hrleistungsanspr\u00fcche nach den gesetzlichen Bestimmungen des Kaufrechts (\u00a7\u00a7 433 ff. BGB).<\/div>\n<div><\/div>\n<div>(2) Wenn Sie Verbraucher im Sinne des \u00a7 13 BGB sind, betr\u00e4gt die Verj\u00e4hrungsfrist f\u00fcr Gew\u00e4hrleistungsanspr\u00fcche bei gebrauchten Sachen- abweichend von den gesetzlichen Bestimmungen &#8211; ein Jahr. Diese Beschr\u00e4nkung gilt nicht f\u00fcr Anspr\u00fcche aufgrund von Sch\u00e4den aus der Verletzung des Lebens, des K\u00f6rpers oder der Gesundheit oder aus der Verletzung einer wesentlichen Vertragspflicht, deren Erf\u00fcllung die ordnungsgem\u00e4\u00dfe Durchf\u00fchrung des Vertrags \u00fcberhaupt erst erm\u00f6glicht und auf deren Einhaltung der Vertragspartner regelm\u00e4\u00dfig vertrauen darf (Kardinalpflicht) sowie f\u00fcr Anspr\u00fcche aufgrund von sonstigen Sch\u00e4den, die auf einer vors\u00e4tzlichen oder grob fahrl\u00e4ssigen Pflichtverletzung des Verwenders oder seiner Erf\u00fcllungsgehilfen beruhen.<\/div>\n<div><\/div>\n<div>(3) Im \u00dcbrigen gelten f\u00fcr die Gew\u00e4hrleistung die gesetzlichen Bestimmungen.<\/div>\n<div><\/div>\n<div>(4) Wenn Sie Unternehmer im Sinne des \u00a7 14 BGB sind, gelten die gesetzlichen Bestimmungen mit folgenden Modifikationen:<br \/>\n&#8211; F\u00fcr die Beschaffenheit der Ware sind nur unsere eigenen Angaben und die Produktbeschreibung des Herstellers verbindlich, nicht jedoch \u00f6ffentliche Anpreisungen und \u00c4u\u00dferungen und sonstige Werbung des Herstellers.<br \/>\n&#8211; Sie sind verpflichtet, die Ware unverz\u00fcglich und mit der gebotenen Sorgfalt auf Qualit\u00e4ts- und Mengenabweichungen zu untersuchen und uns offensichtliche M\u00e4ngel binnen 7 Tagen ab Empfang der Ware anzuzeigen. Zur Fristwahrung reicht die rechtzeitige Absendung. Dies gilt auch f\u00fcr sp\u00e4ter festgestellte verdeckte M\u00e4ngel ab Entdeckung. Bei Verletzung der Untersuchungs- und R\u00fcgepflicht ist die Geltendmachung der Gew\u00e4hrleistungsanspr\u00fcche ausgeschlossen.<br \/>\n&#8211; Bei M\u00e4ngeln leisten wir nach unserer Wahl Gew\u00e4hr durch Nachbesserung oder Ersatzlieferung (Nacherf\u00fcllung). Im Falle der Nachbesserung m\u00fcssen wir nicht die erh\u00f6hten Kosten tragen, die durch die Verbringung der Ware an einen anderen Ort als den Erf\u00fcllungsort entstehen, sofern die Verbringung nicht dem bestimmungsgem\u00e4\u00dfen Gebrauch der Ware entspricht.<br \/>\n&#8211; Schl\u00e4gt die Nacherf\u00fcllung zweimal fehl, k\u00f6nnen Sie nach Ihrer Wahl Minderung verlangen oder vom Vertrag zur\u00fccktreten.<br \/>\n&#8211; Die Gew\u00e4hrleistungsfrist betr\u00e4gt ein Jahr ab Ablieferung der Ware.<\/div>\n<div><\/div>\n<div style=\"text-align: center;\"><strong>\u00a7 10 Haftung<\/strong><\/div>\n<div><\/div>\n<div>(1) Unbeschr\u00e4nkte Haftung: Wir haften unbeschr\u00e4nkt f\u00fcr Vorsatz und grobe Fahrl\u00e4ssigkeit sowie nach Ma\u00dfgabe des Produkthaftungsgesetzes. F\u00fcr leichte Fahrl\u00e4ssigkeit haften wir bei Sch\u00e4den aus der Verletzung des Lebens, des K\u00f6rpers und der Gesundheit von Personen.<\/div>\n<div><\/div>\n<div>(2) Im \u00dcbrigen gilt folgende beschr\u00e4nkte Haftung: Bei leichter Fahrl\u00e4ssigkeit haften wir nur im Falle der Verletzung einer wesentlichen Vertragspflicht, deren Erf\u00fcllung die ordnungsgem\u00e4\u00dfe Durchf\u00fchrung des Vertrags \u00fcberhaupt erst erm\u00f6glicht und auf deren Einhaltung Sie regelm\u00e4\u00dfig vertrauen d\u00fcrfen (Kardinalpflicht). Die Haftung f\u00fcr leichte Fahrl\u00e4ssigkeit ist der H\u00f6he nach beschr\u00e4nkt auf die bei Vertragsschluss vorhersehbaren Sch\u00e4den, mit deren Entstehung typischerweise gerechnet werden muss. Diese Haftungsbeschr\u00e4nkung gilt auch zugunsten unserer Erf\u00fcllungsgehilfen.<\/div>\n<div><\/div>\n<div style=\"text-align: center;\"><strong>\u00a7 11 Urheber- und Nutzungsrechte<\/strong><\/div>\n<div><\/div>\n<div>(1) Alle durch den Verk\u00e4ufer bereitgestellten digitalen Inhalte sind urheberrechtlich gesch\u00fctzt.<\/div>\n<div><\/div>\n<div>(2) Der Kunde erwirbt ein zeitlich unbegrenztes, einfaches, nicht \u00fcbertragbares Nutzungsrecht ausschlie\u00dflich f\u00fcr den nicht kommerziellen Gebrauch. Dem Kunden werden keine Verwertungsrechte einger\u00e4umt. Insbesondere darf er die erworbenen Titel &#8211; weder digital noch in gedruckter Form, vollst\u00e4ndig oder auszugsweise &#8211; nicht verbreiten (\u00a7 17 UrhG), \u00f6ffentlich zug\u00e4nglich machen (\u00a7 19a UrhG) oder in anderer Form an Dritte weitergeben. Das Recht zur Vervielf\u00e4ltigung (\u00a7 16 UrhG) ist auf Vervielf\u00e4ltigungshandlungen beschr\u00e4nkt, die ausschlie\u00dflich dem eigenen Gebrauch dienen.<\/div>\n<div><\/div>\n<div>(3) Die Einr\u00e4umung der Nutzungsrechte durch den Verk\u00e4ufer steht unter der aufschiebenden Bedingung der vollst\u00e4ndigen Kaufpreiszahlung.<\/div>\n<div><\/div>\n<div>(4) Der Nutzer ist nicht berechtigt, Urheberrechtsvermerke, Markenzeichen oder andere Rechtsvorbehalte von den Waren zu entfernen.<\/div>\n<div><\/div>\n<div>(5) Der Verk\u00e4ufer ist berechtigt, zum Download bereitgestellte digitale Inhalte mit sichtbaren und unsichtbaren Kennzeichnungen individuell zu personalisieren, um die Ermittlung und rechtliche Verfolgung des urspr\u00fcnglichen Bestellers im Falle einer missbr\u00e4uchlichen Nutzung zu erm\u00f6glichen.<\/div>\n<div><\/div>\n<div>(6) Im Fall einer unberechtigten Nutzung der digitalen Inhalte durch den K\u00e4ufer oder einen Dritten verpflichtet sich der K\u00e4ufer zur Zahlung einer von uns nach billigem Ermessen festzusetzenden und im Streitfall vom zust\u00e4ndigen Gericht zu \u00fcberpr\u00fcfenden Vertragsstrafe pro Verletzungshandlung.<\/div>\n<div><\/div>\n<div style=\"text-align: center;\"><strong>\u00a7 12 Alternative Streitbeilegung<br \/>\n<\/strong><\/div>\n<div style=\"text-align: center;\"><\/div>\n<div style=\"text-align: left;\">Die EU-Kommission hat eine Plattform f\u00fcr au\u00dfergerichtliche Streitschlichtung bereitgestellt. Verbrauchern gibt dies die M\u00f6glichkeit, Streitigkeiten im Zusammenhang mit Ihrer Online-Bestellung zun\u00e4chst ohne die Einschaltung eines Gerichts zu kl\u00e4ren. Die Streitbeilegungs-Plattform ist unter dem externen Link http:\/\/ec.europa.eu\/consumers\/odr\/erreichbar.<br \/>\nWir sind bem\u00fcht, eventuelle Meinungsverschiedenheiten aus unserem Vertrag einvernehmlich beizulegen. Dar\u00fcber hinaus sind wir zu einer Teilnahme an einem Schlichtungsverfahren nicht verpflichtet und k\u00f6nnen Ihnen die Teilnahme an einem solchen Verfahren leider auch nicht anbieten.<\/div>\n<div style=\"text-align: center;\"><\/div>\n<div style=\"text-align: center;\"><strong>\u00a7 13 Schlussbestimmungen<\/strong><\/div>\n<div style=\"text-align: left;\"><strong><br \/>\n<\/strong>(1) Sollten eine oder mehrere Bestimmungen dieser AGB unwirksam sein oder werden, wird dadurch die Wirksamkeit der anderen Bestimmungen im \u00dcbrigen nicht ber\u00fchrt.<\/div>\n<div><\/div>\n<div>(2) Auf Vertr\u00e4ge zwischen uns und Ihnen ist ausschlie\u00dflich deutsches Recht anwendbar unter Ausschluss der Bestimmungen der United Nations Convention on Contracts for the International Sale of Goods (CISG, \u201eUN-Kaufrecht\u201c). Zwingende Bestimmungen des Landes, in dem Sie sich gew\u00f6hnlich aufhalten, bleiben von der Rechtswahl unber\u00fchrt.<\/div>\n<div><\/div>\n<div>(3) Sind Sie Kaufmann, juristische Person des \u00f6ffentlichen Rechts oder \u00f6ffentlich-rechtliches Sonderverm\u00f6gen, so ist unser Gesch\u00e4ftssitz Gerichtsstand f\u00fcr alle Streitigkeiten aus oder im Zusammenhang mit Vertr\u00e4gen zwischen uns und Ihnen.<\/p>\n<\/div>\n<div><\/div>\n<div><\/div>\n<div><\/div>\n<div><\/div>\n<div><\/div>\n<div>\n<p>Stand: M\u00e4rz, 2018<\/p>\n<\/div>\n<div><\/div>\n<div><\/div>\n<div><\/div>\n<p>&nbsp;<\/p>\n","protected":false},"excerpt":{"rendered":"<p>\u00a7 1 Geltungsbereich und Anbieter (1) Diese Allgemeinen Gesch\u00e4ftsbedingungen gelten f\u00fcr alle Bestellungen, die Sie bei dem Online-Shop der DSE GmbH Talbenden 10 52353 D\u00fcren Gesch\u00e4ftsf\u00fchrer: Richard B\u00fcchel t\u00e4tigen. (2) Das Warenangebot in unserem Online-Shop richtet sich ausschlie\u00dflich an K\u00e4ufer, die das 18. Lebensjahr vollendet haben. (3) Unsere Lieferungen, Leistungen und Angebote erfolgen ausschlie\u00dflich auf [&hellip;]<\/p>\n","protected":false},"author":1,"featured_media":0,"parent":0,"menu_order":5,"comment_status":"closed","ping_status":"closed","template":"","meta":{"footnotes":""},"class_list":["post-2669","page","type-page","status-publish","hentry"],"jetpack_sharing_enabled":true,"_links":{"self":[{"href":"https:\/\/dse-deutschland.de\/Shop_Schilder\/wp-json\/wp\/v2\/pages\/2669","targetHints":{"allow":["GET"]}}],"collection":[{"href":"https:\/\/dse-deutschland.de\/Shop_Schilder\/wp-json\/wp\/v2\/pages"}],"about":[{"href":"https:\/\/dse-deutschland.de\/Shop_Schilder\/wp-json\/wp\/v2\/types\/page"}],"author":[{"embeddable":true,"href":"https:\/\/dse-deutschland.de\/Shop_Schilder\/wp-json\/wp\/v2\/users\/1"}],"replies":[{"embeddable":true,"href":"https:\/\/dse-deutschland.de\/Shop_Schilder\/wp-json\/wp\/v2\/comments?post=2669"}],"version-history":[{"count":36,"href":"https:\/\/dse-deutschland.de\/Shop_Schilder\/wp-json\/wp\/v2\/pages\/2669\/revisions"}],"predecessor-version":[{"id":2742,"href":"https:\/\/dse-deutschland.de\/Shop_Schilder\/wp-json\/wp\/v2\/pages\/2669\/revisions\/2742"}],"wp:attachment":[{"href":"https:\/\/dse-deutschland.de\/Shop_Schilder\/wp-json\/wp\/v2\/media?parent=2669"}],"curies":[{"name":"wp","href":"https:\/\/api.w.org\/{rel}","templated":true}]}}